{"id":24,"date":"2020-04-22T14:53:52","date_gmt":"2020-04-22T12:53:52","guid":{"rendered":"https:\/\/swissglobalinsurance.com\/?page_id=24"},"modified":"2020-06-15T12:10:32","modified_gmt":"2020-06-15T10:10:32","slug":"a-propos","status":"publish","type":"page","link":"https:\/\/dev.swissglobalinsurance.com\/fr\/a-propos\/","title":{"rendered":"\u00c0 propos"},"content":{"rendered":"<p>[et_pb_section fb_built=&#8221;1&#8243; custom_padding_last_edited=&#8221;on|phone&#8221; _builder_version=&#8221;4.4.3&#8243; custom_margin_tablet=&#8221;||||false|false&#8221; custom_margin_phone=&#8221;&#8221; custom_margin_last_edited=&#8221;on|desktop&#8221; custom_padding=&#8221;40px||40px||false|false&#8221; custom_padding_tablet=&#8221;10px||||false|false&#8221; custom_padding_phone=&#8221;0px||||false|false&#8221;][et_pb_row _builder_version=&#8221;4.4.3&#8243; width_tablet=&#8221;&#8221; width_phone=&#8221;96%&#8221; width_last_edited=&#8221;on|phone&#8221; max_width=&#8221;970px&#8221; custom_margin=&#8221;||0px||false|false&#8221; custom_padding=&#8221;||0px||false|false&#8221;][et_pb_column type=&#8221;4_4&#8243; _builder_version=&#8221;4.4.3&#8243;][et_pb_text _builder_version=&#8221;4.4.3&#8243; header_font=&#8221;||||||||&#8221; header_font_size=&#8221;36px&#8221; custom_margin=&#8221;0px||0px|100px|false|false&#8221; custom_margin_tablet=&#8221;|||62px|false|false&#8221; custom_margin_phone=&#8221;&#8221; custom_margin_last_edited=&#8221;on|phone&#8221; header_text_align_tablet=&#8221;&#8221; header_text_align_phone=&#8221;&#8221; header_text_align_last_edited=&#8221;on|phone&#8221;]<\/p>\n<h1>\u00c0 propos<\/h1>\n<p>[\/et_pb_text][et_pb_text _builder_version=&#8221;4.4.3&#8243; header_2_font=&#8221;Proza Libre|500|||||||&#8221; header_2_text_color=&#8221;#5B86E5&#8243; header_2_font_size=&#8221;24px&#8221; header_2_line_height=&#8221;33px&#8221; custom_margin=&#8221;||0px|100px|false|false&#8221; custom_margin_tablet=&#8221;||10px|62px|false|false&#8221; custom_margin_phone=&#8221;&#8221; custom_margin_last_edited=&#8221;on|tablet&#8221; custom_padding=&#8221;||0px||false|false&#8221; header_2_font_size_tablet=&#8221;&#8221; header_2_font_size_phone=&#8221;18px&#8221; header_2_font_size_last_edited=&#8221;on|phone&#8221;]<\/p>\n<h2>La compagnie<\/h2>\n<p>[\/et_pb_text][\/et_pb_column][\/et_pb_row][et_pb_row _builder_version=&#8221;4.4.3&#8243; width_tablet=&#8221;&#8221; width_phone=&#8221;96%&#8221; width_last_edited=&#8221;on|phone&#8221; max_width=&#8221;970px&#8221;][et_pb_column type=&#8221;4_4&#8243; _builder_version=&#8221;4.4.3&#8243;][et_pb_blurb image=&#8221;http:\/\/swissglobalinsurance.com\/wp-content\/uploads\/2020\/04\/icon-about-us.png&#8221; icon_placement=&#8221;left&#8221; content_max_width=&#8221;100%&#8221; _builder_version=&#8221;4.4.3&#8243; body_font=&#8221;Open Sans||||||||&#8221; body_font_size=&#8221;16px&#8221; hover_enabled=&#8221;0&#8243; body_font_size_tablet=&#8221;&#8221; body_font_size_phone=&#8221;14px&#8221; body_font_size_last_edited=&#8221;on|phone&#8221; custom_css_blurb_image=&#8221;width:90PX;||padding-right:20px;&#8221; custom_css_blurb_image_last_edited=&#8221;on|tablet&#8221; custom_css_blurb_image_tablet=&#8221;width:50px;&#8221; custom_css_blurb_image_phone=&#8221;width:50px;&#8221;]Swiss Global Insurance \u00ae  est un programme d\u2019assurance maladie internationale destin\u00e9e aux Suisses de l\u2019\u00e9tranger qui malgr\u00e9 les distances qui les s\u00e9parent de leur pays natal, souhaitent maintenir la qualit\u00e9 de protection m\u00e9dicale \u00e0 laquelle ils se sont habitu\u00e9s tout en gardant leur totale libert\u00e9 d\u2019acc\u00e8s, en tout temps, au r\u00e9seau m\u00e9dical Suisse et International, quel que soit le pays de r\u00e9sidence.<\/p>\n<p>Notre assurance maladie Internationale est \u00e9galement accessible aux autres expatri\u00e9s de toutes nationalit\u00e9s qui souhaitent b\u00e9n\u00e9ficier des prestations d\u2019assurance et de s\u00e9curit\u00e9 Suisse et cela, sans aucuns frais suppl\u00e9mentaires.<\/p>\n<p>Depuis 1998,  nous concevons et distribuons nous-m\u00eames nos plans d\u2019assurance bas\u00e9s sur le r\u00e9el besoin des familles expatri\u00e9s.<\/p>\n<p>Nous offrons aussi des solutions d\u2019assurance sant\u00e9 sur mesure pour les salari\u00e9s de multinationales ou pour les missions diplomatiques dans le monde entier.<\/p>\n<p>Notre compagnie vous assure le service personnalis\u00e9 que vous m\u00e9ritez, la couverture m\u00e9dicale dont vous avez r\u00e9ellement besoin, et la s\u00e9curit\u00e9 financi\u00e8re que vous recherchez.[\/et_pb_blurb][\/et_pb_column][\/et_pb_row][et_pb_row _builder_version=&#8221;4.4.3&#8243; width_tablet=&#8221;&#8221; width_phone=&#8221;96%&#8221; width_last_edited=&#8221;on|phone&#8221; max_width=&#8221;970px&#8221; custom_margin=&#8221;||0px||false|false&#8221; custom_padding=&#8221;10px||0px||false|false&#8221;][et_pb_column type=&#8221;4_4&#8243; _builder_version=&#8221;4.4.3&#8243; custom_css_main_element=&#8221;width:80%&#8221;][et_pb_text _builder_version=&#8221;4.4.3&#8243; header_2_font=&#8221;Proza Libre|500|||||||&#8221; header_2_text_color=&#8221;#5B86E5&#8243; header_2_font_size=&#8221;24px&#8221; header_2_line_height=&#8221;33px&#8221; custom_margin=&#8221;||0px|100px|false|false&#8221; custom_margin_tablet=&#8221;||10px|62px|false|false&#8221; custom_margin_phone=&#8221;&#8221; custom_margin_last_edited=&#8221;on|tablet&#8221; custom_padding=&#8221;||0px||false|false&#8221; header_2_font_size_tablet=&#8221;&#8221; header_2_font_size_phone=&#8221;18px&#8221; header_2_font_size_last_edited=&#8221;on|phone&#8221;]<\/p>\n<h2>Swiss Global Services<\/h2>\n<p>[\/et_pb_text][\/et_pb_column][\/et_pb_row][et_pb_row _builder_version=&#8221;4.4.3&#8243; width_tablet=&#8221;&#8221; width_phone=&#8221;96%&#8221; width_last_edited=&#8221;on|phone&#8221; max_width=&#8221;970px&#8221;][et_pb_column type=&#8221;4_4&#8243; _builder_version=&#8221;4.4.3&#8243;][et_pb_blurb image=&#8221;http:\/\/swissglobalinsurance.com\/wp-content\/uploads\/2020\/04\/icon-services.png&#8221; icon_placement=&#8221;left&#8221; content_max_width=&#8221;100%&#8221; _builder_version=&#8221;4.4.3&#8243; body_font=&#8221;Open Sans||||||||&#8221; body_font_size=&#8221;16px&#8221; body_font_size_tablet=&#8221;&#8221; body_font_size_phone=&#8221;14px&#8221; body_font_size_last_edited=&#8221;on|phone&#8221; custom_css_blurb_image=&#8221;width:90PX;||padding-right:20px;&#8221; custom_css_blurb_image_last_edited=&#8221;on|tablet&#8221; custom_css_blurb_image_tablet=&#8221;width:50px;&#8221;]<\/p>\n<p>Des services au-del\u00e0 du traditionnel plan d\u2019une assurance maladie\u00a0\u00a0:<\/p>\n<ul>\n<li>une \u00e9quipe multilingue qui se met en relation avec vous, les m\u00e9decins et les h\u00f4pitaux du monde entier;<\/li>\n<li>un interlocuteur unique sur le suivi de vos dossiers, assist\u00e9 par une \u00e9quipe de gestionnaires, d\u00e9di\u00e9e \u00e0 tous les adh\u00e9rents de SWISS GLOBAL INSURANCE;<\/li>\n<li>un accueil t\u00e9l\u00e9phonique accessible 24 heures sur 24, 365 jours par an;<\/li>\n<li>la remise d\u2019une carte d\u2019assurance personnalis\u00e9e, pour vous et vos ayants droits, comportant le nom, le pr\u00e9nom et le num\u00e9ro d\u2019affiliation. Cette carte facilite l\u2019admission et la prise en charge hospitali\u00e8re quel que soit le pays concern\u00e9;<\/li>\n<li>les remboursements effectu\u00e9s par virement bancaire dans la devise de la facture m\u00e9dicale \u00e0 l\u2019\u00e9tranger. Si cette devise n\u2019est pas celle dans laquelle les frais ont \u00e9t\u00e9 engag\u00e9s, le taux de change retenu sera celui du jour au cours duquel les soins ont \u00e9t\u00e9 engag\u00e9s;<\/li>\n<li>des prises en charges directes aupr\u00e8s des h\u00f4pitaux dans le monde entier, \u00e0 partir d\u2019un simple appel t\u00e9l\u00e9phonique \u00e9vitant ainsi l\u2019avance de frais;<\/li>\n<li>des m\u00e9decins et dentistes conseils \u00e0 votre disposition vous permettant de b\u00e9n\u00e9ficier d\u2019un second avis m\u00e9dical;<\/li>\n<li>confidentialit\u00e9 des informations m\u00e9dicales.<\/li>\n<\/ul>\n<p>[\/et_pb_blurb][\/et_pb_column][\/et_pb_row][et_pb_row _builder_version=&#8221;4.4.3&#8243; width_tablet=&#8221;&#8221; width_phone=&#8221;96%&#8221; width_last_edited=&#8221;on|phone&#8221; max_width=&#8221;970px&#8221; custom_margin=&#8221;||0px||false|false&#8221; custom_padding=&#8221;10px||0px||false|false&#8221;][et_pb_column type=&#8221;4_4&#8243; _builder_version=&#8221;4.4.3&#8243; custom_css_main_element_last_edited=&#8221;on|desktop&#8221;][et_pb_text _builder_version=&#8221;4.4.3&#8243; header_2_font=&#8221;Proza Libre|500|||||||&#8221; header_2_text_color=&#8221;#5B86E5&#8243; header_2_font_size=&#8221;24px&#8221; header_2_line_height=&#8221;33px&#8221; custom_margin=&#8221;||0px|100px|false|false&#8221; custom_margin_tablet=&#8221;||10px|62px|false|false&#8221; custom_margin_phone=&#8221;&#8221; custom_margin_last_edited=&#8221;on|tablet&#8221; custom_padding=&#8221;||0px||false|false&#8221; header_2_font_size_tablet=&#8221;&#8221; header_2_font_size_phone=&#8221;18px&#8221; header_2_font_size_last_edited=&#8221;on|phone&#8221;]<\/p>\n<h2>Un R\u00e9seau M\u00e9dical Suisse<\/h2>\n<p>[\/et_pb_text][\/et_pb_column][\/et_pb_row][et_pb_row _builder_version=&#8221;4.4.3&#8243; width_tablet=&#8221;&#8221; width_phone=&#8221;96%&#8221; width_last_edited=&#8221;on|phone&#8221; max_width=&#8221;970px&#8221;][et_pb_column type=&#8221;4_4&#8243; _builder_version=&#8221;4.4.3&#8243;][et_pb_blurb image=&#8221;http:\/\/swissglobalinsurance.com\/wp-content\/uploads\/2020\/04\/icon-worldwide.png&#8221; icon_placement=&#8221;left&#8221; content_max_width=&#8221;100%&#8221; _builder_version=&#8221;4.4.3&#8243; body_font=&#8221;Open Sans||||||||&#8221; body_font_size=&#8221;16px&#8221; custom_margin_tablet=&#8221;&#8221; custom_margin_phone=&#8221;|18px|||false|false&#8221; custom_margin_last_edited=&#8221;on|phone&#8221; body_font_size_tablet=&#8221;&#8221; body_font_size_phone=&#8221;14px&#8221; body_font_size_last_edited=&#8221;on|phone&#8221; custom_css_blurb_image=&#8221;width:90PX;||padding-right:20px;&#8221; custom_css_blurb_image_last_edited=&#8221;on|tablet&#8221; custom_css_blurb_image_tablet=&#8221;width:50px;&#8221;]<\/p>\n<p>Des soins au-del\u00e0 de la traditionnelle couverture d\u2019une Assurance Maladie.\n<\/p>\n<p>Swiss Global Insurance offre une couverture mondiale en cas de maladie ou accident, dans n\u2019importe quel h\u00f4pital priv\u00e9 ou clinique priv\u00e9e ou m\u00e9decin.\n<\/p>\n<p>Pour compl\u00e9menter cette totale libert\u00e9 de choix, Swiss Global Insurance s\u2019engage \u00e0 mettre \u00e0 votre disposition et ceci sans aucun suppl\u00e9ment ou condition, un r\u00e9seau haut de gamme d\u2019h\u00f4pitaux et de cliniques dans presque chaque pays.\n<\/p>\n<p>\u00c0 titre d\u2019exemple, notre R\u00e9seau M\u00e9dical Suisse qui vous donne acc\u00e8s aux meilleurs H\u00f4pitaux et Cliniques priv\u00e9s en Suisse.\n<\/p>\n<p>Ce R\u00e9seau M\u00e9dical Suisse se distingue de ses concurrents en assurant un environnement humain agr\u00e9able, des activit\u00e9s et des soins personnalis\u00e9s et un acc\u00e8s privil\u00e9gi\u00e9 aux services et \u00e9quipements m\u00e9dicaux de pointe.<\/p>\n<p>Swiss Global Insurance offre une couverture mondiale, n\u2019h\u00e9sitez pas \u00e0 nous contacter pour plus d\u2019information ou pour obtenir une liste d\u00e9taill\u00e9e.\n<\/p>\n<p>Aper\u00e7u du R\u00e9seau M\u00e9dical Suisse de Swiss Global Insurance\u00a0:\n<\/p>\n<ul>\n<li>Clinique de Genolier et sa luxurieuse r\u00e9sidence (Les hauts de Genolier)<\/li>\n<li>Clinique de Montchoisi<\/li>\n<li>Clinique Valmont<\/li>\n<li>Centre m\u00e9dico-chirurgicale des Eaux-Vives<\/li>\n<li>Privatkilnik Bethanien<\/li>\n<li>Clinique La Colline<\/li>\n<li>Clinique des Grangettes<\/li>\n<\/ul>\n<p>[\/et_pb_blurb][\/et_pb_column][\/et_pb_row][\/et_pb_section]<\/p>\n","protected":false},"excerpt":{"rendered":"<p>[et_pb_section fb_built=&#8221;1&#8243; custom_padding_last_edited=&#8221;on|phone&#8221; _builder_version=&#8221;4.4.3&#8243; custom_margin_tablet=&#8221;||||false|false&#8221; custom_margin_phone=&#8221;&#8221; custom_margin_last_edited=&#8221;on|desktop&#8221; custom_padding=&#8221;40px||40px||false|false&#8221; custom_padding_tablet=&#8221;10px||||false|false&#8221; custom_padding_phone=&#8221;0px||||false|false&#8221;][et_pb_row _builder_version=&#8221;4.4.3&#8243; width_tablet=&#8221;&#8221; width_phone=&#8221;96%&#8221; width_last_edited=&#8221;on|phone&#8221; max_width=&#8221;970px&#8221; custom_margin=&#8221;||0px||false|false&#8221; custom_padding=&#8221;||0px||false|false&#8221;][et_pb_column type=&#8221;4_4&#8243; _builder_version=&#8221;4.4.3&#8243;][et_pb_text _builder_version=&#8221;4.4.3&#8243; header_font=&#8221;||||||||&#8221; header_font_size=&#8221;36px&#8221; custom_margin=&#8221;0px||0px|100px|false|false&#8221; custom_margin_tablet=&#8221;|||62px|false|false&#8221; custom_margin_phone=&#8221;&#8221; custom_margin_last_edited=&#8221;on|phone&#8221; header_text_align_tablet=&#8221;&#8221; header_text_align_phone=&#8221;&#8221; header_text_align_last_edited=&#8221;on|phone&#8221;] \u00c0 propos [\/et_pb_text][et_pb_text _builder_version=&#8221;4.4.3&#8243; header_2_font=&#8221;Proza Libre|500|||||||&#8221; header_2_text_color=&#8221;#5B86E5&#8243; header_2_font_size=&#8221;24px&#8221; header_2_line_height=&#8221;33px&#8221; custom_margin=&#8221;||0px|100px|false|false&#8221; custom_margin_tablet=&#8221;||10px|62px|false|false&#8221; custom_margin_phone=&#8221;&#8221; custom_margin_last_edited=&#8221;on|tablet&#8221; custom_padding=&#8221;||0px||false|false&#8221; header_2_font_size_tablet=&#8221;&#8221; header_2_font_size_phone=&#8221;18px&#8221; header_2_font_size_last_edited=&#8221;on|phone&#8221;] La compagnie [\/et_pb_text][\/et_pb_column][\/et_pb_row][et_pb_row _builder_version=&#8221;4.4.3&#8243; width_tablet=&#8221;&#8221; width_phone=&#8221;96%&#8221; width_last_edited=&#8221;on|phone&#8221; max_width=&#8221;970px&#8221;][et_pb_column type=&#8221;4_4&#8243; [&hellip;]<\/p>\n","protected":false},"author":2,"featured_media":0,"parent":0,"menu_order":0,"comment_status":"closed","ping_status":"closed","template":"","meta":{"_et_pb_use_builder":"on","_et_pb_old_content":"","_et_gb_content_width":""},"_links":{"self":[{"href":"https:\/\/dev.swissglobalinsurance.com\/fr\/wp-json\/wp\/v2\/pages\/24"}],"collection":[{"href":"https:\/\/dev.swissglobalinsurance.com\/fr\/wp-json\/wp\/v2\/pages"}],"about":[{"href":"https:\/\/dev.swissglobalinsurance.com\/fr\/wp-json\/wp\/v2\/types\/page"}],"author":[{"embeddable":true,"href":"https:\/\/dev.swissglobalinsurance.com\/fr\/wp-json\/wp\/v2\/users\/2"}],"replies":[{"embeddable":true,"href":"https:\/\/dev.swissglobalinsurance.com\/fr\/wp-json\/wp\/v2\/comments?post=24"}],"version-history":[{"count":54,"href":"https:\/\/dev.swissglobalinsurance.com\/fr\/wp-json\/wp\/v2\/pages\/24\/revisions"}],"predecessor-version":[{"id":1498,"href":"https:\/\/dev.swissglobalinsurance.com\/fr\/wp-json\/wp\/v2\/pages\/24\/revisions\/1498"}],"wp:attachment":[{"href":"https:\/\/dev.swissglobalinsurance.com\/fr\/wp-json\/wp\/v2\/media?parent=24"}],"curies":[{"name":"wp","href":"https:\/\/api.w.org\/{rel}","templated":true}]}}