{"id":259,"date":"2020-04-27T17:18:00","date_gmt":"2020-04-27T15:18:00","guid":{"rendered":"https:\/\/swissglobalinsurance.com\/?page_id=259"},"modified":"2020-07-10T16:28:17","modified_gmt":"2020-07-10T14:28:17","slug":"contact-intermediaire","status":"publish","type":"page","link":"https:\/\/dev.swissglobalinsurance.com\/fr\/contact-intermediaire\/","title":{"rendered":"Contact-interm\u00e9diaire"},"content":{"rendered":"<p>[et_pb_section fb_built=&#8221;1&#8243; _builder_version=&#8221;4.4.3&#8243; custom_padding=&#8221;2px|||||&#8221;][et_pb_row custom_padding_last_edited=&#8221;on|tablet&#8221; _builder_version=&#8221;4.4.3&#8243; custom_padding=&#8221;||20px||false|false&#8221; custom_padding_tablet=&#8221;||0px||false|false&#8221; custom_padding_phone=&#8221;&#8221;][et_pb_column type=&#8221;4_4&#8243; _builder_version=&#8221;4.4.3&#8243;][et_pb_text _builder_version=&#8221;4.4.3&#8243; text_font=&#8221;Proza Libre||||||||&#8221; text_font_size=&#8221;36px&#8221; header_font=&#8221;Proza Libre||||||||&#8221; custom_margin=&#8221;||1px|||&#8221;]<\/p>\n<h1>Contact<\/h1>\n<p>[\/et_pb_text][et_pb_text _builder_version=&#8221;4.4.3&#8243; header_2_font=&#8221;Proza Libre|500|||||||&#8221; header_2_text_color=&#8221;#5B86E5&#8243; header_2_font_size=&#8221;25px&#8221; max_width=&#8221;700px&#8221; custom_margin=&#8221;||-3px|||&#8221;]<\/p>\n<h2>Contactez-nous pour d\u00e9couvrir les avantages de notre programme de fid\u00e9lit\u00e9 \u00e0 long terme pour les agents<\/h2>\n<p>[\/et_pb_text][\/et_pb_column][\/et_pb_row][et_pb_row column_structure=&#8221;3_5,2_5&#8243; _builder_version=&#8221;4.4.3&#8243;][et_pb_column type=&#8221;3_5&#8243; _builder_version=&#8221;4.4.3&#8243;][et_pb_contact_form captcha=&#8221;off&#8221; submit_button_text=&#8221;Envoyer&#8221; module_id=&#8221;form-contact&#8221; _builder_version=&#8221;4.4.3&#8243; hover_enabled=&#8221;0&#8243; custom_message=&#8221;Nom de l&#8217;entreprise: %%n-entreprise%%||et_pb_line_break_holder||||et_pb_line_break_holder||Nom et pr\u00e9nom: %%nom-entreprise%%||et_pb_line_break_holder||||et_pb_line_break_holder||Site de l&#8217;entreprise: %%s-entreprise%%||et_pb_line_break_holder||||et_pb_line_break_holder||Adresse: %%Adresse%%||et_pb_line_break_holder||||et_pb_line_break_holder||T\u00e9l\u00e9phone: %%t\u00e9l\u00e9phone%%||et_pb_line_break_holder||||et_pb_line_break_holder||Sp\u00e9cialiste en assurance maladie pour expatri\u00e9s ?: %%q1-entreprise%%||et_pb_line_break_holder||||et_pb_line_break_holder||Portefeuille client principal situ\u00e9 au\/en: %%q2-entreprise%%||et_pb_line_break_holder||||et_pb_line_break_holder||Comme il\/ elle a entendu parler de nous ?: %%q3-entreprise%%||et_pb_line_break_holder||||et_pb_line_break_holder||E-mail: %%Email%%||et_pb_line_break_holder||||et_pb_line_break_holder||Pr\u00e9sentation de l&#8217;entreprise, des activit\u00e9s, des projets: ||et_pb_line_break_holder||%%Message%%&#8221; email=&#8221;info@swissglobalinsurance.com&#8221; success_message=&#8221;Votre demande \u00e0 bien \u00e9t\u00e9 envoy\u00e9e nous allons y r\u00e9pondre rapidement. &#8220;][et_pb_contact_field field_id=&#8221;n-entreprise&#8221; field_title=&#8221;Nom de votre entreprise  *&#8221; fullwidth_field=&#8221;on&#8221; _builder_version=&#8221;4.4.3&#8243;][\/et_pb_contact_field][et_pb_contact_field field_id=&#8221;nom-entreprise&#8221; field_title=&#8221;Nom et Pr\u00e9nom *&#8221; fullwidth_field=&#8221;on&#8221; _builder_version=&#8221;4.4.3&#8243;][\/et_pb_contact_field][et_pb_contact_field field_id=&#8221;s-entreprise&#8221; field_title=&#8221;Site web de votre entreprise *&#8221; fullwidth_field=&#8221;on&#8221; _builder_version=&#8221;4.4.3&#8243;][\/et_pb_contact_field][et_pb_contact_field field_id=&#8221;Adresse&#8221; field_title=&#8221;Adresse  *&#8221; fullwidth_field=&#8221;on&#8221; _builder_version=&#8221;4.4.3&#8243;][\/et_pb_contact_field][et_pb_contact_field field_id=&#8221;t\u00e9l\u00e9phone&#8221; field_title=&#8221;T\u00e9l\u00e9phone * &#8221; fullwidth_field=&#8221;on&#8221; _builder_version=&#8221;4.4.3&#8243;][\/et_pb_contact_field][et_pb_contact_field field_id=&#8221;q1-entreprise&#8221; field_title=&#8221;\u00cates-vous un sp\u00e9cialiste en assurance maladie pour expatri\u00e9s ?  *&#8221; fullwidth_field=&#8221;on&#8221; _builder_version=&#8221;4.4.3&#8243;][\/et_pb_contact_field][et_pb_contact_field field_id=&#8221;q2-entreprise&#8221; field_title=&#8221;O\u00f9 se situe votre portefeuille client principal (r\u00e9gion\/pays) ?   &#8221; fullwidth_field=&#8221;on&#8221; _builder_version=&#8221;4.4.3&#8243;][\/et_pb_contact_field][et_pb_contact_field field_id=&#8221;q3-entreprise&#8221; field_title=&#8221;Comment avez-vous entendu parler de nous ?  &#8221; fullwidth_field=&#8221;on&#8221; _builder_version=&#8221;4.4.3&#8243;][\/et_pb_contact_field][et_pb_contact_field field_id=&#8221;Email&#8221; field_title=&#8221;Votre Email *&#8221; field_type=&#8221;email&#8221; fullwidth_field=&#8221;on&#8221; _builder_version=&#8221;4.4.3&#8243;][\/et_pb_contact_field][et_pb_contact_field field_id=&#8221;Message&#8221; field_title=&#8221;Pr\u00e9sentez succinctement votre entreprise, activit\u00e9, projets &#8230; &#8221; field_type=&#8221;text&#8221; fullwidth_field=&#8221;on&#8221; _builder_version=&#8221;4.4.3&#8243; button_text_size__hover_enabled=&#8221;off&#8221; button_one_text_size__hover_enabled=&#8221;off&#8221; button_two_text_size__hover_enabled=&#8221;off&#8221; button_text_color__hover_enabled=&#8221;off&#8221; button_one_text_color__hover_enabled=&#8221;off&#8221; button_two_text_color__hover_enabled=&#8221;off&#8221; button_border_width__hover_enabled=&#8221;off&#8221; button_one_border_width__hover_enabled=&#8221;off&#8221; button_two_border_width__hover_enabled=&#8221;off&#8221; button_border_color__hover_enabled=&#8221;off&#8221; button_one_border_color__hover_enabled=&#8221;off&#8221; button_two_border_color__hover_enabled=&#8221;off&#8221; button_border_radius__hover_enabled=&#8221;off&#8221; button_one_border_radius__hover_enabled=&#8221;off&#8221; button_two_border_radius__hover_enabled=&#8221;off&#8221; button_letter_spacing__hover_enabled=&#8221;off&#8221; button_one_letter_spacing__hover_enabled=&#8221;off&#8221; button_two_letter_spacing__hover_enabled=&#8221;off&#8221; button_bg_color__hover_enabled=&#8221;off&#8221; button_one_bg_color__hover_enabled=&#8221;off&#8221; button_two_bg_color__hover_enabled=&#8221;off&#8221;][\/et_pb_contact_field][et_pb_contact_field field_id=&#8221;politique&#8221; field_type=&#8221;checkbox&#8221; checkbox_options=&#8221;%91{%22value%22:%22J&#8217;ai lu et j&#8217;accepte la Politique de confidentialit\u00e9%22,%22checked%22:0,%22dragID%22:-1}%93&#8243; fullwidth_field=&#8221;on&#8221; _builder_version=&#8221;4.4.3&#8243; field_title__hover_enabled=&#8221;off|desktop&#8221;][\/et_pb_contact_field][\/et_pb_contact_form][\/et_pb_column][et_pb_column type=&#8221;2_5&#8243; _builder_version=&#8221;4.4.3&#8243;][et_pb_blurb title=&#8221;Swiss Global Insurance&#8221; image=&#8221;http:\/\/swissglobalinsurance.com\/wp-content\/uploads\/2020\/04\/icon-adresse.png&#8221; icon_alignment=&#8221;left&#8221; disabled_on=&#8221;on|on|off&#8221; _builder_version=&#8221;4.4.3&#8243; header_level=&#8221;h3&#8243; header_text_color=&#8221;#000000&#8243; header_font_size=&#8221;16px&#8221; header_line_height=&#8221;0.7em&#8221; body_line_height=&#8221;0.8em&#8221; custom_margin=&#8221;||||false|false&#8221; custom_padding=&#8221;||||false|false&#8221; custom_css_blurb_image=&#8221;max-width:50px;&#8221;]<\/p>\n<p>c\/o Swiss Health International Ltd<\/p>\n<p>Rue du Rh\u00f4ne 14<\/p>\n<p>CH-1204 Gen\u00e8ve, Suisse<\/p>\n<p>[\/et_pb_blurb][et_pb_blurb title=&#8221;Lundi &#8211; Vendredi&#8221; image=&#8221;http:\/\/swissglobalinsurance.com\/wp-content\/uploads\/2020\/04\/Group.png&#8221; icon_alignment=&#8221;left&#8221; disabled_on=&#8221;on|on|off&#8221; _builder_version=&#8221;4.4.3&#8243; header_level=&#8221;h3&#8243; header_font_size=&#8221;16px&#8221; body_line_height=&#8221;0.8em&#8221; custom_css_blurb_image=&#8221;max-width:50px;&#8221;]<\/p>\n<p>09H00-12H00 \/ 14H00-17H00<\/p>\n<p>Samedi &#8211; Dimanche (Ferm\u00e9)<\/p>\n<p>[\/et_pb_blurb][et_pb_blurb image=&#8221;http:\/\/swissglobalinsurance.com\/wp-content\/uploads\/2020\/04\/Group-1.png&#8221; icon_alignment=&#8221;left&#8221; disabled_on=&#8221;on|on|off&#8221; _builder_version=&#8221;4.4.3&#8243; body_line_height=&#8221;1.5em&#8221; custom_css_blurb_image=&#8221;max-width:50px;&#8221;]<\/p>\n<p>T\u00e9l\u00e9phone : +41 22 819 18 67\/Fax : +41 22 819 19 00<\/p>\n<p>info@swissglobalinsurance.com<\/p>\n<p>[\/et_pb_blurb][\/et_pb_column][\/et_pb_row][et_pb_row column_structure=&#8221;1_2,1_2&#8243; disabled_on=&#8221;on|off|on&#8221; module_class=&#8221;two-column&#8221; _builder_version=&#8221;4.4.3&#8243; custom_margin=&#8221;0px||||false|false&#8221; custom_padding=&#8221;0px||||false|false&#8221;][et_pb_column type=&#8221;1_2&#8243; _builder_version=&#8221;4.4.3&#8243;][et_pb_blurb title=&#8221;Swiss Global Insurance&#8221; image=&#8221;http:\/\/swissglobalinsurance.com\/wp-content\/uploads\/2020\/04\/icon-adresse.png&#8221; icon_alignment=&#8221;left&#8221; disabled_on=&#8221;off|off|off&#8221; _builder_version=&#8221;4.4.3&#8243; header_level=&#8221;h3&#8243; header_text_color=&#8221;#000000&#8243; header_font_size=&#8221;16px&#8221; header_line_height=&#8221;0.7em&#8221; body_line_height=&#8221;0.8em&#8221; custom_margin=&#8221;||||false|false&#8221; custom_padding=&#8221;||||false|false&#8221; custom_css_blurb_image=&#8221;max-width:50px;&#8221;]<\/p>\n<p>c\/o Swiss Health International Ltd<\/p>\n<p>Rue du Rh\u00f4ne 14<\/p>\n<p>CH-1204 Gen\u00e8ve, Suisse<\/p>\n<p>[\/et_pb_blurb][\/et_pb_column][et_pb_column type=&#8221;1_2&#8243; _builder_version=&#8221;4.4.3&#8243;][et_pb_blurb title=&#8221;Lundi &#8211; Vendredi&#8221; image=&#8221;http:\/\/swissglobalinsurance.com\/wp-content\/uploads\/2020\/04\/Group.png&#8221; icon_alignment=&#8221;left&#8221; disabled_on=&#8221;off|off|off&#8221; _builder_version=&#8221;4.4.3&#8243; header_level=&#8221;h3&#8243; header_font_size=&#8221;16px&#8221; body_line_height=&#8221;0.8em&#8221; custom_css_blurb_image=&#8221;max-width:50px;&#8221;]<\/p>\n<p>09H00-12H00 \/ 14H00-17H00<\/p>\n<p>Samedi &#8211; Dimanche (Ferm\u00e9)<\/p>\n<p>[\/et_pb_blurb][\/et_pb_column][\/et_pb_row][et_pb_row disabled_on=&#8221;on|off|on&#8221; _builder_version=&#8221;4.4.3&#8243; custom_margin=&#8221;0px||||false|false&#8221; custom_padding=&#8221;0px||||false|false&#8221;][et_pb_column type=&#8221;4_4&#8243; _builder_version=&#8221;4.4.3&#8243;][et_pb_blurb image=&#8221;http:\/\/swissglobalinsurance.com\/wp-content\/uploads\/2020\/04\/Group-1.png&#8221; icon_alignment=&#8221;left&#8221; disabled_on=&#8221;off|off|off&#8221; _builder_version=&#8221;4.4.3&#8243; body_line_height=&#8221;1.5em&#8221; width=&#8221;66%&#8221; custom_css_blurb_image=&#8221;max-width:50px;&#8221;]<\/p>\n<p>T\u00e9l\u00e9phone : +41 22 819 18 67\/Fax : +41 22 819 19 00<\/p>\n<p>info@swissglobalinsurance.com<\/p>\n<p>[\/et_pb_blurb][\/et_pb_column][\/et_pb_row][et_pb_row column_structure=&#8221;1_3,1_3,1_3&#8243; disabled_on=&#8221;off|on|on&#8221; _builder_version=&#8221;4.4.3&#8243; custom_margin=&#8221;0px||||false|false&#8221; custom_padding=&#8221;0px||||false|false&#8221;][et_pb_column type=&#8221;1_3&#8243; _builder_version=&#8221;4.4.3&#8243;][et_pb_blurb title=&#8221;Swiss Global Insurance&#8221; image=&#8221;http:\/\/swissglobalinsurance.com\/wp-content\/uploads\/2020\/04\/icon-adresse.png&#8221; icon_alignment=&#8221;left&#8221; disabled_on=&#8221;off|on|on&#8221; _builder_version=&#8221;4.4.3&#8243; header_level=&#8221;h3&#8243; header_text_color=&#8221;#000000&#8243; header_font_size=&#8221;16px&#8221; header_line_height=&#8221;0.7em&#8221; body_line_height=&#8221;0.8em&#8221; custom_margin=&#8221;||||false|false&#8221; custom_padding=&#8221;||||false|false&#8221; custom_css_blurb_image=&#8221;max-width:50px;&#8221;]<\/p>\n<p>c\/o Swiss Health International Ltd<\/p>\n<p>Rue du Rh\u00f4ne 14<\/p>\n<p>CH-1204 Gen\u00e8ve, Suisse<\/p>\n<p>[\/et_pb_blurb][\/et_pb_column][et_pb_column type=&#8221;1_3&#8243; _builder_version=&#8221;4.4.3&#8243;][et_pb_blurb title=&#8221;Lundi &#8211; Vendredi&#8221; image=&#8221;http:\/\/swissglobalinsurance.com\/wp-content\/uploads\/2020\/04\/Group.png&#8221; icon_alignment=&#8221;left&#8221; disabled_on=&#8221;off|on|on&#8221; _builder_version=&#8221;4.4.3&#8243; header_level=&#8221;h3&#8243; header_font_size=&#8221;16px&#8221; body_line_height=&#8221;0.8em&#8221; custom_css_blurb_image=&#8221;max-width:50px;&#8221;]<\/p>\n<p>09H00-12H00 \/ 14H00-17H00<\/p>\n<p>Samedi &#8211; Dimanche (Ferm\u00e9)<\/p>\n<p>[\/et_pb_blurb][\/et_pb_column][et_pb_column type=&#8221;1_3&#8243; _builder_version=&#8221;4.4.3&#8243;][et_pb_blurb image=&#8221;http:\/\/swissglobalinsurance.com\/wp-content\/uploads\/2020\/04\/Group-1.png&#8221; icon_alignment=&#8221;left&#8221; disabled_on=&#8221;off|on|on&#8221; _builder_version=&#8221;4.4.3&#8243; body_line_height=&#8221;1.5em&#8221; custom_css_blurb_image=&#8221;max-width:50px;&#8221;]<\/p>\n<p>T\u00e9l\u00e9phone : +41 22 819 18 67<\/p>\n<p>Fax : +41 22 819 19 00<\/p>\n<p>info@swissglobalinsurance.com<\/p>\n<p>[\/et_pb_blurb][\/et_pb_column][\/et_pb_row][\/et_pb_section]<\/p>\n","protected":false},"excerpt":{"rendered":"<p>[et_pb_section fb_built=&#8221;1&#8243; _builder_version=&#8221;4.4.3&#8243; custom_padding=&#8221;2px|||||&#8221;][et_pb_row custom_padding_last_edited=&#8221;on|tablet&#8221; _builder_version=&#8221;4.4.3&#8243; custom_padding=&#8221;||20px||false|false&#8221; custom_padding_tablet=&#8221;||0px||false|false&#8221; custom_padding_phone=&#8221;&#8221;][et_pb_column type=&#8221;4_4&#8243; _builder_version=&#8221;4.4.3&#8243;][et_pb_text _builder_version=&#8221;4.4.3&#8243; text_font=&#8221;Proza Libre||||||||&#8221; text_font_size=&#8221;36px&#8221; header_font=&#8221;Proza Libre||||||||&#8221; custom_margin=&#8221;||1px|||&#8221;] Contact [\/et_pb_text][et_pb_text _builder_version=&#8221;4.4.3&#8243; header_2_font=&#8221;Proza Libre|500|||||||&#8221; header_2_text_color=&#8221;#5B86E5&#8243; header_2_font_size=&#8221;25px&#8221; max_width=&#8221;700px&#8221; custom_margin=&#8221;||-3px|||&#8221;] Contactez-nous pour d\u00e9couvrir les avantages de notre programme de fid\u00e9lit\u00e9 \u00e0 long terme pour les agents [\/et_pb_text][\/et_pb_column][\/et_pb_row][et_pb_row column_structure=&#8221;3_5,2_5&#8243; _builder_version=&#8221;4.4.3&#8243;][et_pb_column type=&#8221;3_5&#8243; _builder_version=&#8221;4.4.3&#8243;][et_pb_contact_form captcha=&#8221;off&#8221; submit_button_text=&#8221;Envoyer&#8221; module_id=&#8221;form-contact&#8221; _builder_version=&#8221;4.4.3&#8243; hover_enabled=&#8221;0&#8243; custom_message=&#8221;Nom de [&hellip;]<\/p>\n","protected":false},"author":2,"featured_media":0,"parent":0,"menu_order":0,"comment_status":"closed","ping_status":"closed","template":"","meta":{"_et_pb_use_builder":"on","_et_pb_old_content":"","_et_gb_content_width":""},"_links":{"self":[{"href":"https:\/\/dev.swissglobalinsurance.com\/fr\/wp-json\/wp\/v2\/pages\/259"}],"collection":[{"href":"https:\/\/dev.swissglobalinsurance.com\/fr\/wp-json\/wp\/v2\/pages"}],"about":[{"href":"https:\/\/dev.swissglobalinsurance.com\/fr\/wp-json\/wp\/v2\/types\/page"}],"author":[{"embeddable":true,"href":"https:\/\/dev.swissglobalinsurance.com\/fr\/wp-json\/wp\/v2\/users\/2"}],"replies":[{"embeddable":true,"href":"https:\/\/dev.swissglobalinsurance.com\/fr\/wp-json\/wp\/v2\/comments?post=259"}],"version-history":[{"count":23,"href":"https:\/\/dev.swissglobalinsurance.com\/fr\/wp-json\/wp\/v2\/pages\/259\/revisions"}],"predecessor-version":[{"id":1567,"href":"https:\/\/dev.swissglobalinsurance.com\/fr\/wp-json\/wp\/v2\/pages\/259\/revisions\/1567"}],"wp:attachment":[{"href":"https:\/\/dev.swissglobalinsurance.com\/fr\/wp-json\/wp\/v2\/media?parent=259"}],"curies":[{"name":"wp","href":"https:\/\/api.w.org\/{rel}","templated":true}]}}