{"id":321,"date":"2020-04-27T19:49:05","date_gmt":"2020-04-27T17:49:05","guid":{"rendered":"https:\/\/swissglobalinsurance.com\/?page_id=321"},"modified":"2020-06-11T16:20:34","modified_gmt":"2020-06-11T14:20:34","slug":"politiques-de-confidentialites","status":"publish","type":"page","link":"https:\/\/dev.swissglobalinsurance.com\/fr\/politiques-de-confidentialites\/","title":{"rendered":"Politiques de confidentialit\u00e9s"},"content":{"rendered":"<p>[et_pb_section fb_built=&#8221;1&#8243; _builder_version=&#8221;4.4.3&#8243;][et_pb_row _builder_version=&#8221;4.4.3&#8243;][et_pb_column type=&#8221;4_4&#8243; _builder_version=&#8221;4.4.3&#8243;][et_pb_text _builder_version=&#8221;4.4.3&#8243;]<\/p>\n<h1 style=\"text-align: center;\">Politique de confidentialit\u00e9<\/h1>\n<p>[\/et_pb_text][et_pb_text _builder_version=&#8221;4.4.3&#8243; hover_enabled=&#8221;0&#8243;]<\/p>\n<p>Cette politique nous tient \u00e0 c\u0153ur et nous savons quel est important pour vous.<\/p>\n<p>Elle vous certifie une exp\u00e9rience agr\u00e9able et s\u00fbre, en toute confiance lors de l\u2019utilisation nos services.<\/p>\n<p>Nous prot\u00e9geons votre vie priv\u00e9e en assurant la protection, la confidentialit\u00e9, la non-alt\u00e9ration, la disponibilit\u00e9 et la s\u00e9curit\u00e9 des donn\u00e9es que vous nous confiez.<\/p>\n<p>Pour ce faire, nous appliquons des mesures techniques et organisationnelles en accord avec le droit applicable en mati\u00e8re de protection des donn\u00e9es.<\/p>\n<p>&nbsp;<\/p>\n<p>Cette Politique de confidentialit\u00e9 vous concerne si vous \u00eates\u00a0:<\/p>\n<ol>\n<li>Client de Swiss Global Insurance, vous avez d\u00e9j\u00e0 souscrit \u00e0 une assurance via le formulaire du site ou le formulaire PDF.<\/li>\n<li>Visiteur de Swiss Global Insurance, vous naviguez sur le site Swiss Global Insurance sans avoir cr\u00e9\u00e9 de compte client.<\/li>\n<\/ol>\n<p><strong>1. QUI SOMMES-NOUS ?<\/strong><\/p>\n<p>Swiss Global Insurance, est une entreprise, repr\u00e9sent\u00e9e par M. Pierre Belli, en qualit\u00e9 d\u2019administrateur et dont le si\u00e8ge social est situ\u00e9 au rue du Rh\u00f4ne 14, CH-1204 Gen\u00e8ve, Suisse.<\/p>\n<p>Swiss Global Insurance \u00e9dite le site https:\/\/swissglobalinsurance.com\/ et proc\u00e8de, \u00e0 ce titre, \u00e0 diff\u00e9rents traitements de vos donn\u00e9es en qualit\u00e9 de responsable de traitements.<\/p>\n<p><strong>2. QUAND TRAITONS-NOUS VOS DONN\u00c9ES ?<\/strong><\/p>\n<p><strong><br \/> 2.1.\u00a0Pourquoi collectons-nous vos donn\u00e9es personnelles ?<\/strong><\/p>\n<p>Nous pouvons collecter vos donn\u00e9es lorsque\u00a0:<\/p>\n<ol>\n<li>Vous visitez le site Swiss Global Insurance qui utilise des cookies.<\/li>\n<li>Vous souscrivez \u00e0 notre assurance via le formulaire pr\u00e9vus \u00e0 cet effet.<\/li>\n<li>Vous utilisez nos formulaires pr\u00e9sents sur la page contact client et contact interm\u00e9diaire lorsque vous avez une question ou souhaitez devenir un de nos interm\u00e9diaires.<\/li>\n<\/ol>\n<p>Nous traitons vos donn\u00e9es afin de\u00a0:<\/p>\n<ol>\n<li>Vous proposer une exp\u00e9rience de navigation la plus fluide et la plus pertinente possible.<\/li>\n<li>Traiter votre souscription \u00e0 notre assurance.<\/li>\n<li>R\u00e9pondre \u00e0 votre demande ou votre souhait de devenir un de nos interm\u00e9diaires avec le plus de pr\u00e9cisions possibles lorsque vous passez par notre formulaire pr\u00e9sent sur la page contact interm\u00e9diaires.<strong><br \/> <\/strong><\/li>\n<\/ol>\n<p><strong>3. QUI TRAITE VOS DONN\u00c9ES ?<\/strong><\/p>\n<p>Diff\u00e9rents services internes de Swiss Global Insurance peuvent avoir acc\u00e8s \u00e0 vos donn\u00e9es.<\/p>\n<p>Nous ne partageons vos donn\u00e9es avec aucun tiers sauf en cas de suspicions de fraudes.<br \/> Dans ce cas pr\u00e9cis, il est possible que nous partagions certaines informations avec d\u2019autres compagnies d\u2019assurance et\/ou avec les autorit\u00e9s judiciaires.<\/p>\n<p>&nbsp;<\/p>\n<p><strong>4. COMBIEN DE TEMPS CONSERVONS-NOUS VOS DONN\u00c9ES ?<\/strong><\/p>\n<p>Vos donn\u00e9es sont conserv\u00e9es par Swiss Global Insurance uniquement le temps n\u00e9cessaire \u00e0 la r\u00e9alisation des traitements pr\u00e9sent\u00e9s en paragraphes 2.<\/p>\n<p>Nous ne conservons vos donn\u00e9es personnelles que dans la mesure et pour la dur\u00e9e n\u00e9cessaire \u00e0 l&#8217;ex\u00e9cution de nos services ou dans les cas o\u00f9 la loi nous y oblige.<\/p>\n<p>Les donn\u00e9es personnelles que vous nous fournissez directement en souscrivant \u00e0 notre assurance seront utilis\u00e9es pour cr\u00e9er votre profil, votre offre et nous assurez que les informations que vous nous avez transmise sont correctes.<br \/> Nous nous r\u00e9servons le droit, comme mentionn\u00e9 paragraphe 3, afin de d\u00e9tecter et pr\u00e9venir une quelconque fraude, de partager des informations relatives \u00e0 des suspicions de fraude avec d\u2019autres compagnies d\u2019assurance et\/ou avec les autorit\u00e9s judiciaires.<\/p>\n<p>Les donn\u00e9es que vous nous transmettez en nous envoyant un e-mail serviront \u00e0 r\u00e9pondre \u00e0 votre message ou \u00e0 vous fournir les renseignements demand\u00e9s.<\/p>\n<p>&nbsp;<\/p>\n<p><strong>5. QUELS DROITS AVEZ-VOUS ET COMMENT LES EXERCER\u00a0?<\/strong><\/p>\n<p><strong>5.1 vos droits<\/strong><\/p>\n<p>Vous avez le droit de\u00a0:<\/p>\n<ol>\n<li><strong> <\/strong>Demander l\u2019acc\u00e8s et la rectification de vos donn\u00e9es.<\/li>\n<li>Demander la limitation du traitement de vos donn\u00e9es. (Voir 5.2).<\/li>\n<li>Demander la suppression de vos donn\u00e9es. (Voir 5.3).<\/li>\n<li>Demander la portabilit\u00e9 de vos donn\u00e9es.<\/li>\n<\/ol>\n<p><strong>5.2.\u00a0La limitation du traitement<\/strong>\u00a0<strong>de vos donn\u00e9es<\/strong><\/p>\n<p>Dans le cas d\u2019une demande de limitation de donn\u00e9es, il faut que vous contestiez l\u2019exactitude de vos donn\u00e9es pendant la dur\u00e9e nous permettant de v\u00e9rifier l\u2019exactitude de ces derni\u00e8res.<\/p>\n<p>Vous pouvez \u00e9galement faire valoir votre droit si nous n\u2019avons plus besoin de vos donn\u00e9es pour les traitements abord\u00e9s en paragraphe 2, mais que celles-ci sont encore n\u00e9cessaires pour la constatation, l\u2019exercice ou la d\u00e9fense de vos droits en justice.<\/p>\n<p><strong>5.3 La suppression\u00a0de vos donn\u00e9es<\/strong><\/p>\n<p>Dans le cas d\u2019une demande de suppression de vos donn\u00e9es, Swiss Global Insurance se devra de les conserver sous forme d\u2019archivage interm\u00e9diaire. Ce pour la dur\u00e9e n\u00e9cessaire \u00e0 la satisfaction de ses obligations l\u00e9gales, comptables et fiscales.<\/p>\n<p><strong>5.4 Comment faire valoir vos droits<\/strong><\/p>\n<p>Si vous souhaitez acc\u00e9der \u00e0 vos donn\u00e9es, les supprimer, les rectifier, proc\u00e9der \u00e0 leurs portabilit\u00e9s, ou faire une demande de limitation de vos donn\u00e9es, vous pouvez nous contacter \u00e0 l\u2019adresse e-mail suivante\u00a0:<br \/><span style=\"text-decoration: underline;\"> <a href=\"mailto:info@swissglobalinsurance.com\">info@swissglobalinsurance.com<\/a><\/span><\/p>\n<p>Nous vous adresserons une r\u00e9ponse dans un d\u00e9lai\u00a0<strong>d\u2019un (1) mois<\/strong>\u00a0maximum suivant la date de r\u00e9ception de votre demande.<\/p>\n<p><strong><\/strong><\/p>\n<p><strong>6. COOKIES<\/strong><\/p>\n<p><strong> 6.1\u00a0Quels types de cookies sont pr\u00e9sents sur notre site<\/strong><\/p>\n<p>Il y a plusieurs types de cookies que vous pouvez rencontrer lors de votre navigation sur Swiss Global Insurance\u00a0:<\/p>\n<ol>\n<li>Les cookies essentiels. Indispensable \u00e0 la navigation et \u00e0 la bonne ex\u00e9cution du processus de commande.<br \/> Les supprimer peut apporter des difficult\u00e9s de navigation sur notre site ou l\u2019impossibilit\u00e9 de passer commande.<\/li>\n<\/ol>\n<ol start=\"2\">\n<li>Les cookies de fonctionnalit\u00e9s. Ils ne sont pas indispensables mais optimisent l\u2019exp\u00e9rience utilisateur du site.<br \/> Les supprimer n\u2019apportera aucunes difficult\u00e9s de navigation mais retirera certaines fonctions pratiques tel que le changement de langue automatique selon la langue de votre navigateur.<\/li>\n<\/ol>\n<ol start=\"3\">\n<li>Les cookies d\u2019analytiques. Ils sont l\u00e0 pour permettent d\u2019am\u00e9liorer le site selon vos besoins et de faire correspondre nos offres \u00e0 vos attentes.<br \/> Les supprimer ne changera en rien votre navigation.<\/li>\n<\/ol>\n<p><strong><br \/> 6.2 G\u00e9rer les cookies d\u00e9pos\u00e9s sur votre terminal<\/strong><\/p>\n<p>Vous avez le choix \u00e0 tout moment d\u2019accepter ou de refuser qu\u2019un ou plusieurs cookies soient enregistr\u00e9s sur votre appareil sauf ceux n\u00e9cessaires au fonctionnement du site.<\/p>\n<p>Soit gr\u00e2ce \u00e0 notre outil de param\u00e9trage disponible sur notre site internet soit avec l\u2019outil de param\u00e9trage de votre logiciel de navigation.<\/p>\n<p><strong><br \/> 6.3. Les choix qui vous sont offerts gr\u00e2ce \u00e0 notre outil\u00a0<\/strong><\/p>\n<p>Avec notre outil, vous pouvez choisir les cookies pouvant \u00eatre d\u00e9pos\u00e9s sur votre site internet.<\/p>\n<p>Si vous avez d\u00e9j\u00e0 accept\u00e9 nos cookies et que vous souhaitez modifier votre choix, clique sur le lien ci-dessous\u00a0:<\/p>\n<p>&nbsp;<\/p>\n<p><strong>7. TRANSFERTS HORS DE L\u2019UNION EUROPEENNE<\/strong><\/p>\n<p>Nous conservons vos donn\u00e9es en Suisse et dans l\u2019Union Europ\u00e9enne uniquement.<br \/> Nous ne transf\u00e9rons vos donn\u00e9es dans aucun autre pays tiers.<\/p>\n<p><strong><\/strong><\/p>\n<p><strong>8.MESURES DE S\u00c9CURIT\u00c9<\/strong><\/p>\n<p>Nous mettons en \u0153uvre une vari\u00e9t\u00e9 de mesures techniques et organisationnelles afin de pr\u00e9server la s\u00e9curit\u00e9 et l\u2019int\u00e9grit\u00e9 de vos informations personnelles.<\/p>\n<p>Nous prot\u00e9geons de la m\u00eame fa\u00e7on vos informations hors ligne. Les informations personnelles ne sont accessibles qu\u2019aux employ\u00e9s qui en ont l\u2019usage, et ce pour des taches sp\u00e9cifiques (par exemple, la cr\u00e9ation de votre assurance ou la r\u00e9ponse \u00e0 une de vos questions). Les appareils et serveurs sur lesquels sont stock\u00e9es des informations personnelles sont conserv\u00e9s dans un environnement s\u00e9curis\u00e9.<\/p>\n<p><strong><\/strong><\/p>\n<p><strong>9.REVISION ET ACTUALISATION DE LA POLITIQUE<\/strong><\/p>\n<p>Notre politique sera actualis\u00e9e chaque fois que cela sera n\u00e9cessaire afin de r\u00e9pondre aux diverses exigences de la r\u00e9glementation sur la protection des donn\u00e9es.<\/p>\n<p>&nbsp;<\/p>\n<p>Date de la derni\u00e8re mise \u00e0 jour : 11\/06\/2020<\/p>\n<p>[\/et_pb_text][\/et_pb_column][\/et_pb_row][\/et_pb_section]<\/p>\n","protected":false},"excerpt":{"rendered":"<p>[et_pb_section fb_built=&#8221;1&#8243; _builder_version=&#8221;4.4.3&#8243;][et_pb_row _builder_version=&#8221;4.4.3&#8243;][et_pb_column type=&#8221;4_4&#8243; _builder_version=&#8221;4.4.3&#8243;][et_pb_text _builder_version=&#8221;4.4.3&#8243;] Politique de confidentialit\u00e9 [\/et_pb_text][et_pb_text _builder_version=&#8221;4.4.3&#8243; hover_enabled=&#8221;0&#8243;] Cette politique nous tient \u00e0 c\u0153ur et nous savons quel est important pour vous. Elle vous certifie une exp\u00e9rience agr\u00e9able et s\u00fbre, en toute confiance lors de l\u2019utilisation nos services. Nous prot\u00e9geons votre vie priv\u00e9e en assurant la protection, la confidentialit\u00e9, la [&hellip;]<\/p>\n","protected":false},"author":2,"featured_media":0,"parent":0,"menu_order":0,"comment_status":"closed","ping_status":"closed","template":"","meta":{"_et_pb_use_builder":"on","_et_pb_old_content":"","_et_gb_content_width":""},"_links":{"self":[{"href":"https:\/\/dev.swissglobalinsurance.com\/fr\/wp-json\/wp\/v2\/pages\/321"}],"collection":[{"href":"https:\/\/dev.swissglobalinsurance.com\/fr\/wp-json\/wp\/v2\/pages"}],"about":[{"href":"https:\/\/dev.swissglobalinsurance.com\/fr\/wp-json\/wp\/v2\/types\/page"}],"author":[{"embeddable":true,"href":"https:\/\/dev.swissglobalinsurance.com\/fr\/wp-json\/wp\/v2\/users\/2"}],"replies":[{"embeddable":true,"href":"https:\/\/dev.swissglobalinsurance.com\/fr\/wp-json\/wp\/v2\/comments?post=321"}],"version-history":[{"count":8,"href":"https:\/\/dev.swissglobalinsurance.com\/fr\/wp-json\/wp\/v2\/pages\/321\/revisions"}],"predecessor-version":[{"id":1473,"href":"https:\/\/dev.swissglobalinsurance.com\/fr\/wp-json\/wp\/v2\/pages\/321\/revisions\/1473"}],"wp:attachment":[{"href":"https:\/\/dev.swissglobalinsurance.com\/fr\/wp-json\/wp\/v2\/media?parent=321"}],"curies":[{"name":"wp","href":"https:\/\/api.w.org\/{rel}","templated":true}]}}